{"id":111,"date":"2025-10-23T14:42:24","date_gmt":"2025-10-23T14:42:24","guid":{"rendered":"https:\/\/naturterapi-oyriket.no\/?page_id=111"},"modified":"2025-10-23T18:29:06","modified_gmt":"2025-10-23T18:29:06","slug":"impressum","status":"publish","type":"page","link":"https:\/\/naturterapi-oyriket.no\/de\/impressum\/","title":{"rendered":"Impressum"},"content":{"rendered":"Impressum \/ Kontaktinformasjon\n<p style=\"font-family: system-ui; font-size: 17px; font-width: normal; line-height: normal; font-size-adjust: none; font-kerning: auto; font-variant-alternates: normal; font-variant-ligatures: normal; font-variant-numeric: normal; font-variant-east-asian: normal; font-variant-position: normal; font-feature-settings: normal; font-optical-sizing: auto; font-variation-settings: normal; color: rgb(17, 17, 17);\"><span style=\"font-weight: bold;\">Naturterapi \u00d8yriket<\/span><\/p><p style=\"font-family: system-ui; font-size: 17px; font-width: normal; line-height: normal; font-size-adjust: none; font-kerning: auto; font-variant-alternates: normal; font-variant-ligatures: normal; font-variant-numeric: normal; font-variant-east-asian: normal; font-variant-position: normal; font-feature-settings: normal; font-optical-sizing: auto; font-variation-settings: normal; color: rgb(17, 17, 17);\">v\/ Melanie Gebhard \u2013 Naturterapeut MNNH<\/p><p style=\"font-family: system-ui; font-size: 17px; font-width: normal; line-height: normal; font-size-adjust: none; font-kerning: auto; font-variant-alternates: normal; font-variant-ligatures: normal; font-variant-numeric: normal; font-variant-east-asian: normal; font-variant-position: normal; font-feature-settings: normal; font-optical-sizing: auto; font-variation-settings: normal; color: rgb(17, 17, 17);\">Adresse: Toppsundveien 11, 9420 Lundenes, Norge<\/p><p style=\"font-family: system-ui; font-size: 17px; font-width: normal; line-height: normal; font-size-adjust: none; font-kerning: auto; font-variant-alternates: normal; font-variant-ligatures: normal; font-variant-numeric: normal; font-variant-east-asian: normal; font-variant-position: normal; font-feature-settings: normal; font-optical-sizing: auto; font-variation-settings: normal; color: rgb(17, 17, 17);\">Telefon: +4740301598<\/p><p style=\"font-family: system-ui; font-size: 17px; font-width: normal; line-height: normal; font-size-adjust: none; font-kerning: auto; font-variant-alternates: normal; font-variant-ligatures: normal; font-variant-numeric: normal; font-variant-east-asian: normal; font-variant-position: normal; font-feature-settings: normal; font-optical-sizing: auto; font-variation-settings: normal; color: rgb(17, 17, 17);\">E-post: post@naturterapi-\u00f8yriket.no<\/p><p style=\"font-family: system-ui; font-size: 17px; font-width: normal; line-height: normal; font-size-adjust: none; font-kerning: auto; font-variant-alternates: normal; font-variant-ligatures: normal; font-variant-numeric: normal; font-variant-east-asian: normal; font-variant-position: normal; font-feature-settings: normal; font-optical-sizing: auto; font-variation-settings: normal; color: rgb(17, 17, 17);\">Nettside: https:\/\/naturterapi-\u00f8yriket.no<\/p><p style=\"font-family: system-ui; font-size: 17px; font-width: normal; line-height: normal; font-size-adjust: none; font-kerning: auto; font-variant-alternates: normal; font-variant-ligatures: normal; font-variant-numeric: normal; font-variant-east-asian: normal; font-variant-position: normal; font-feature-settings: normal; font-optical-sizing: auto; font-variation-settings: normal; color: rgb(17, 17, 17); min-height: 20.3px;\"><br><\/p><p style=\"font-family: system-ui; font-size: 17px; font-width: normal; line-height: normal; font-size-adjust: none; font-kerning: auto; font-variant-alternates: normal; font-variant-ligatures: normal; font-variant-numeric: normal; font-variant-east-asian: normal; font-variant-position: normal; font-feature-settings: normal; font-optical-sizing: auto; font-variation-settings: normal; color: rgb(17, 17, 17);\"><span style=\"font-weight: bold;\">Organisasjonsnummer:<\/span>&nbsp;834519992<\/p><p style=\"font-family: system-ui; font-size: 17px; font-width: normal; line-height: normal; font-size-adjust: none; font-kerning: auto; font-variant-alternates: normal; font-variant-ligatures: normal; font-variant-numeric: normal; font-variant-east-asian: normal; font-variant-position: normal; font-feature-settings: normal; font-optical-sizing: auto; font-variation-settings: normal; color: rgb(17, 17, 17);\"><span style=\"font-weight: bold;\">Foretaksform:<\/span>&nbsp;Enkeltpersonforetak (ENK)<\/p><p style=\"font-family: system-ui; font-size: 17px; font-width: normal; line-height: normal; font-size-adjust: none; font-kerning: auto; font-variant-alternates: normal; font-variant-ligatures: normal; font-variant-numeric: normal; font-variant-east-asian: normal; font-variant-position: normal; font-feature-settings: normal; font-optical-sizing: auto; font-variation-settings: normal; color: rgb(17, 17, 17);\"><span style=\"font-weight: bold;\">MVA-status:&nbsp;<\/span>ikke MVA-pliktig<\/p><p style=\"font-family: system-ui; font-size: 17px; font-width: normal; line-height: normal; font-size-adjust: none; font-kerning: auto; font-variant-alternates: normal; font-variant-ligatures: normal; font-variant-numeric: normal; font-variant-east-asian: normal; font-variant-position: normal; font-feature-settings: normal; font-optical-sizing: auto; font-variation-settings: normal; color: rgb(17, 17, 17); min-height: 20.3px;\"><br><\/p><p style=\"font-family: system-ui; font-size: 17px; font-width: normal; line-height: normal; font-size-adjust: none; font-kerning: auto; font-variant-alternates: normal; font-variant-ligatures: normal; font-variant-numeric: normal; font-variant-east-asian: normal; font-variant-position: normal; font-feature-settings: normal; font-optical-sizing: auto; font-variation-settings: normal; color: rgb(17, 17, 17);\"><span style=\"font-weight: bold;\">Medlemskap:<\/span>&nbsp;\"Norwegische Naturtherapeuten Hauptorganisation\" (NNH)\"<\/p><p style=\"font-family: system-ui; font-size: 17px; font-width: normal; line-height: normal; font-size-adjust: none; font-kerning: auto; font-variant-alternates: normal; font-variant-ligatures: normal; font-variant-numeric: normal; font-variant-east-asian: normal; font-variant-position: normal; font-feature-settings: normal; font-optical-sizing: auto; font-variation-settings: normal; color: rgb(17, 17, 17);\">NNH-terapeuter har taushetsplikt, kollektiv ansvarsforsikring og plikt til \u00e5 f\u00f8re pasientjournal.<\/p><p style=\"font-family: system-ui; font-size: 17px; font-width: normal; line-height: normal; font-size-adjust: none; font-kerning: auto; font-variant-alternates: normal; font-variant-ligatures: normal; font-variant-numeric: normal; font-variant-east-asian: normal; font-variant-position: normal; font-feature-settings: normal; font-optical-sizing: auto; font-variation-settings: normal; color: rgb(17, 17, 17);\">Klageorgan: Norske Naturterapeuters Hovedorganisasjon (NNH), www.nnh.no<\/p>\n<p><span style=\"font-family: TimesNewRomanPS-BoldMT; font-size: 18px; font-weight: bold; -webkit-text-size-adjust: 100%; -webkit-text-stroke-color: rgb(0, 0, 0);\">Ansvar og helsefaglig avgrensning<\/span><\/p><p style=\"margin-bottom: 12px; font-style: normal; font-variant-caps: normal; font-width: normal; line-height: normal; font-family: &quot;Times New Roman&quot;; font-size-adjust: none; font-kerning: auto; font-variant-alternates: normal; font-variant-ligatures: normal; font-variant-numeric: normal; font-variant-east-asian: normal; font-variant-position: normal; font-variant-emoji: normal; font-feature-settings: normal; font-optical-sizing: auto; font-variation-settings: normal; -webkit-text-stroke-width: 0px; -webkit-text-stroke-color: rgb(0, 0, 0); min-height: 13.8px;\"><span style=\"-webkit-text-size-adjust: 100%;\">Behandlinger som tilbys gjennom Naturterapi \u00d8yriket er komplement\u00e6re og naturmedisinske, ikke medisinske inngrep.<\/span><span style=\"-webkit-text-size-adjust: 100%;\">Virksomheten tilbyr ikke behandling som kan inneb\u00e6re alvorlig helserisiko for pasienter, og behandler ikke allmennfarlige smittsomme sykdommer eller andre alvorlige sykdommer og lidelser, jf. retningslinjer fra Helsenorge.no.&nbsp;<\/span><span style=\"-webkit-text-size-adjust: 100%;\">Innholdet p\u00e5 nettsiden er utelukkende ment som generell informasjon og erstatter ikke medisinsk diagnostikk, behandling eller oppf\u00f8lging fra autorisert helsepersonell.<\/span><\/p><p style=\"margin-bottom: 14.9px; font-style: normal; font-variant-caps: normal; font-width: normal; font-size: 18px; line-height: normal; font-family: &quot;Times New Roman&quot;; font-size-adjust: none; font-kerning: auto; font-variant-alternates: normal; font-variant-ligatures: normal; font-variant-numeric: normal; font-variant-east-asian: normal; font-variant-position: normal; font-variant-emoji: normal; font-feature-settings: normal; font-optical-sizing: auto; font-variation-settings: normal; -webkit-text-stroke-width: 0px; -webkit-text-stroke-color: rgb(0, 0, 0);\"><span style=\"font-family: TimesNewRomanPS-BoldMT; font-weight: bold; font-kerning: none;\">Personvern<\/span><\/p><p style=\"margin-bottom: 12px; font-style: normal; font-variant-caps: normal; font-width: normal; line-height: normal; font-family: &quot;Times New Roman&quot;; font-size-adjust: none; font-kerning: auto; font-variant-alternates: normal; font-variant-ligatures: normal; font-variant-numeric: normal; font-variant-east-asian: normal; font-variant-position: normal; font-variant-emoji: normal; font-feature-settings: normal; font-optical-sizing: auto; font-variation-settings: normal; -webkit-text-stroke-width: 0px; -webkit-text-stroke-color: rgb(0, 0, 0); min-height: 13.8px;\"><span style=\"-webkit-text-size-adjust: 100%;\">Naturterapi \u00d8yriket behandler personopplysninger i samsvar med Personopplysningsloven og EUs personvernforordning (GDPR).<\/span>&nbsp;<span style=\"-webkit-text-size-adjust: 100%; font-kerning: none;\">Les mer i v\u00e5r <\/span><span style=\"-webkit-text-size-adjust: 100%; text-decoration: underline; font-kerning: none; color: rgb(0, 0, 238); -webkit-text-stroke-color: rgb(0, 0, 238);\">personvernerkl\u00e6ring<\/span><span style=\"-webkit-text-size-adjust: 100%; font-kerning: none;\"> for informasjon om hvordan vi samler inn, lagrer og bruker opplysninger.<\/span><\/p><p style=\"margin-bottom: 12px; font-style: normal; font-variant-caps: normal; font-width: normal; line-height: normal; font-family: &quot;Times New Roman&quot;; font-size-adjust: none; font-kerning: auto; font-variant-alternates: normal; font-variant-ligatures: normal; font-variant-numeric: normal; font-variant-east-asian: normal; font-variant-position: normal; font-variant-emoji: normal; font-feature-settings: normal; font-optical-sizing: auto; font-variation-settings: normal; -webkit-text-stroke-width: 0px; -webkit-text-stroke-color: rgb(0, 0, 0); min-height: 13.8px;\"><span style=\"font-kerning: none;\"><\/span><\/p><p style=\"margin-bottom: 12px; font-style: normal; font-variant-caps: normal; font-width: normal; line-height: normal; font-family: &quot;Times New Roman&quot;; font-size-adjust: none; font-kerning: auto; font-variant-alternates: normal; font-variant-ligatures: normal; font-variant-numeric: normal; font-variant-east-asian: normal; font-variant-position: normal; font-variant-emoji: normal; font-feature-settings: normal; font-optical-sizing: auto; font-variation-settings: normal; -webkit-text-stroke-width: 0px; -webkit-text-stroke-color: rgb(0, 0, 0); min-height: 13.8px;\"><span style=\"font-family: TimesNewRomanPS-BoldMT; font-size: 18px; font-weight: bold; -webkit-text-size-adjust: 100%;\">Ansvarsfraskrivelse<\/span><br><span style=\"font-kerning: none;\"><\/span><\/p><p style=\"font-style: normal; font-variant-caps: normal; font-width: normal; line-height: normal; font-family: &quot;Times New Roman&quot;; font-size-adjust: none; font-kerning: auto; font-variant-alternates: normal; font-variant-ligatures: normal; font-variant-numeric: normal; font-variant-east-asian: normal; font-variant-position: normal; font-variant-emoji: normal; font-feature-settings: normal; font-optical-sizing: auto; font-variation-settings: normal; color: rgb(128, 128, 128); -webkit-text-stroke-width: 0px; -webkit-text-stroke-color: rgb(128, 128, 128); min-height: 13.8px;\"><span style=\"-webkit-text-size-adjust: 100%; -webkit-text-stroke-color: rgb(0, 0, 0); color: rgb(76, 76, 76);\">Naturterapi \u00d8yriket p\u00e5tar seg ikke ansvar for tap eller skade som f\u00f8lge av bruk av informasjon p\u00e5 nettsiden.<\/span><br><span style=\"font-kerning: none;\"><\/span><\/p><p style=\"margin-bottom: 12px; font-style: normal; font-variant-caps: normal; font-width: normal; line-height: normal; font-family: &quot;Times New Roman&quot;; font-size-adjust: none; font-kerning: auto; font-variant-alternates: normal; font-variant-ligatures: normal; font-variant-numeric: normal; font-variant-east-asian: normal; font-variant-position: normal; font-variant-emoji: normal; font-feature-settings: normal; font-optical-sizing: auto; font-variation-settings: normal; -webkit-text-stroke-width: 0px; -webkit-text-stroke-color: rgb(0, 0, 0); min-height: 13.8px;\"><span style=\"-webkit-text-size-adjust: 100%;\">Alle lenker til eksterne sider er kun ment som henvisninger; vi har ikke ansvar for innholdet p\u00e5 disse sidene.<\/span><br><span style=\"font-kerning: none;\"><\/span><\/p><p style=\"margin-bottom: 12px; font-style: normal; font-variant-caps: normal; font-width: normal; line-height: normal; font-family: &quot;Times New Roman&quot;; font-size-adjust: none; font-kerning: auto; font-variant-alternates: normal; font-variant-ligatures: normal; font-variant-numeric: normal; font-variant-east-asian: normal; font-variant-position: normal; font-variant-emoji: normal; font-feature-settings: normal; font-optical-sizing: auto; font-variation-settings: normal; -webkit-text-stroke-width: 0px; -webkit-text-stroke-color: rgb(0, 0, 0); min-height: 13.8px;\"><span style=\"font-kerning: none;\"><\/span><\/p><p style=\"margin-bottom: 12px; font-style: normal; font-variant-caps: normal; font-width: normal; line-height: normal; font-family: &quot;Times New Roman&quot;; font-size-adjust: none; font-kerning: auto; font-variant-alternates: normal; font-variant-ligatures: normal; font-variant-numeric: normal; font-variant-east-asian: normal; font-variant-position: normal; font-variant-emoji: normal; font-feature-settings: normal; font-optical-sizing: auto; font-variation-settings: normal; -webkit-text-stroke-width: 0px; -webkit-text-stroke-color: rgb(0, 0, 0); min-height: 13.8px;\"><span style=\"font-family: TimesNewRomanPS-BoldMT; font-size: 18px; font-weight: bold; -webkit-text-size-adjust: 100%;\">Opphavsrett<\/span><br><span style=\"font-kerning: none;\"><\/span><\/p><p style=\"margin-bottom: 12px; font-style: normal; font-variant-caps: normal; font-width: normal; line-height: normal; font-family: &quot;Times New Roman&quot;; font-size-adjust: none; font-kerning: auto; font-variant-alternates: normal; font-variant-ligatures: normal; font-variant-numeric: normal; font-variant-east-asian: normal; font-variant-position: normal; font-variant-emoji: normal; font-feature-settings: normal; font-optical-sizing: auto; font-variation-settings: normal; -webkit-text-stroke-width: 0px; -webkit-text-stroke-color: rgb(0, 0, 0); min-height: 13.8px;\"><span style=\"-webkit-text-size-adjust: 100%;\">Alt innhold p\u00e5 naturterapi-\u00f8yriket.no (tekst, bilder, logoer og grafikk) er beskyttet etter \u00e5ndsverkloven og tilh\u00f8rer Melanie Gebhard med mindre annet er angitt. Innholdet kan ikke kopieres, distribueres eller brukes kommersielt uten skriftlig samtykke.<\/span><br><span style=\"font-kerning: none;\"><\/span><\/p><p style=\"margin-bottom: 12px; font-style: normal; font-variant-caps: normal; font-width: normal; line-height: normal; font-family: &quot;Times New Roman&quot;; font-size-adjust: none; font-kerning: auto; font-variant-alternates: normal; font-variant-ligatures: normal; font-variant-numeric: normal; font-variant-east-asian: normal; font-variant-position: normal; font-variant-emoji: normal; font-feature-settings: normal; font-optical-sizing: auto; font-variation-settings: normal; -webkit-text-stroke-width: 0px; -webkit-text-stroke-color: rgb(0, 0, 0); min-height: 13.8px;\"><span style=\"font-family: TimesNewRomanPS-BoldMT; font-size: 14px; font-weight: bold; -webkit-text-size-adjust: 100%;\">Sist oppdatert: 23. oktober 2025<\/span><br><span style=\"font-kerning: none;\"><\/span><\/p><p style=\"font-style: normal; font-variant-caps: normal; font-width: normal; line-height: normal; font-family: &quot;Times New Roman&quot;; font-size-adjust: none; font-kerning: auto; font-variant-alternates: normal; font-variant-ligatures: normal; font-variant-numeric: normal; font-variant-east-asian: normal; font-variant-position: normal; font-variant-emoji: normal; font-feature-settings: normal; font-optical-sizing: auto; font-variation-settings: normal; color: rgb(128, 128, 128); -webkit-text-stroke-width: 0px; -webkit-text-stroke-color: rgb(128, 128, 128); min-height: 13.8px;\"><span style=\"font-kerning: none;\"><\/span><\/p><p style=\"margin-bottom: 12px; font-style: normal; font-variant-caps: normal; font-width: normal; line-height: normal; font-family: &quot;Times New Roman&quot;; font-size-adjust: none; font-kerning: auto; font-variant-alternates: normal; font-variant-ligatures: normal; font-variant-numeric: normal; font-variant-east-asian: normal; font-variant-position: normal; font-variant-emoji: normal; font-feature-settings: normal; font-optical-sizing: auto; font-variation-settings: normal; -webkit-text-stroke-width: 0px; -webkit-text-stroke-color: rgb(0, 0, 0); min-height: 13.8px;\"><span style=\"font-kerning: none;\"><\/span><\/p><p style=\"margin-bottom: 12px; font-style: normal; font-variant-caps: normal; font-width: normal; line-height: normal; font-family: &quot;Times New Roman&quot;; font-size-adjust: none; font-kerning: auto; font-variant-alternates: normal; font-variant-ligatures: normal; font-variant-numeric: normal; font-variant-east-asian: normal; font-variant-position: normal; font-variant-emoji: normal; font-feature-settings: normal; font-optical-sizing: auto; font-variation-settings: normal; -webkit-text-stroke-width: 0px; -webkit-text-stroke-color: rgb(0, 0, 0); min-height: 13.8px;\"><span style=\"font-kerning: none;\"><\/span><\/p><p style=\"margin-bottom: 12px; font-style: normal; font-variant-caps: normal; font-width: normal; line-height: normal; font-family: &quot;Times New Roman&quot;; font-size-adjust: none; font-kerning: auto; font-variant-alternates: normal; font-variant-ligatures: normal; font-variant-numeric: normal; font-variant-east-asian: normal; font-variant-position: normal; font-variant-emoji: normal; font-feature-settings: normal; font-optical-sizing: auto; font-variation-settings: normal; -webkit-text-stroke-width: 0px; -webkit-text-stroke-color: rgb(0, 0, 0); min-height: 13.8px;\"><span style=\"font-kerning: none;\"><\/span><\/p><p style=\"margin-bottom: 12px; font-style: normal; font-variant-caps: normal; font-width: normal; line-height: normal; font-family: &quot;Times New Roman&quot;; font-size-adjust: none; font-kerning: auto; font-variant-alternates: normal; font-variant-ligatures: normal; font-variant-numeric: normal; font-variant-east-asian: normal; font-variant-position: normal; font-variant-emoji: normal; font-feature-settings: normal; font-optical-sizing: auto; font-variation-settings: normal; -webkit-text-stroke-width: 0px; -webkit-text-stroke-color: rgb(0, 0, 0); min-height: 13.8px;\"><span style=\"font-kerning: none;\"><\/span><\/p><p style=\"margin-bottom: 12px; font-style: normal; font-variant-caps: normal; font-width: normal; line-height: normal; font-family: &quot;Times New Roman&quot;; font-size-adjust: none; font-kerning: auto; font-variant-alternates: normal; font-variant-ligatures: normal; font-variant-numeric: normal; font-variant-east-asian: normal; font-variant-position: normal; font-variant-emoji: normal; font-feature-settings: normal; font-optical-sizing: auto; font-variation-settings: normal; -webkit-text-stroke-width: 0px; -webkit-text-stroke-color: rgb(0, 0, 0); min-height: 13.8px;\"><span style=\"font-kerning: none;\"><\/span><\/p><p style=\"font-style: normal; font-variant-caps: normal; font-width: normal; line-height: normal; font-family: &quot;Times New Roman&quot;; font-size-adjust: none; font-kerning: auto; font-variant-alternates: normal; font-variant-ligatures: normal; font-variant-numeric: normal; font-variant-east-asian: normal; font-variant-position: normal; font-variant-emoji: normal; font-feature-settings: normal; font-optical-sizing: auto; font-variation-settings: normal; color: rgb(128, 128, 128); -webkit-text-stroke-width: 0px; -webkit-text-stroke-color: rgb(128, 128, 128); min-height: 13.8px;\"><span style=\"font-kerning: none;\"><\/span><\/p><p style=\"margin-bottom: 12px; font-style: normal; font-variant-caps: normal; font-width: normal; line-height: normal; font-family: &quot;Times New Roman&quot;; font-size-adjust: none; font-kerning: auto; font-variant-alternates: normal; font-variant-ligatures: normal; font-variant-numeric: normal; font-variant-east-asian: normal; font-variant-position: normal; font-variant-emoji: normal; font-feature-settings: normal; font-optical-sizing: auto; font-variation-settings: normal; -webkit-text-stroke-width: 0px; -webkit-text-stroke-color: rgb(0, 0, 0); min-height: 13.8px;\"><span style=\"font-kerning: none;\"><\/span><\/p><p style=\"margin-bottom: 12px; font-style: normal; font-variant-caps: normal; font-width: normal; line-height: normal; font-family: &quot;Times New Roman&quot;; font-size-adjust: none; font-kerning: auto; font-variant-alternates: normal; font-variant-ligatures: normal; font-variant-numeric: normal; font-variant-east-asian: normal; font-variant-position: normal; font-variant-emoji: normal; font-feature-settings: normal; font-optical-sizing: auto; font-variation-settings: normal; -webkit-text-stroke-width: 0px; -webkit-text-stroke-color: rgb(0, 0, 0); min-height: 13.8px;\"><span style=\"font-kerning: none;\"><\/span><\/p><p style=\"margin-bottom: 12px; font-style: normal; font-variant-caps: normal; font-width: normal; line-height: normal; font-family: &quot;Times New Roman&quot;; font-size-adjust: none; font-kerning: auto; font-variant-alternates: normal; font-variant-ligatures: normal; font-variant-numeric: normal; font-variant-east-asian: normal; font-variant-position: normal; font-variant-emoji: normal; font-feature-settings: normal; font-optical-sizing: auto; font-variation-settings: normal; -webkit-text-stroke-width: 0px; -webkit-text-stroke-color: rgb(0, 0, 0); min-height: 13.8px;\"><span style=\"font-kerning: none;\"><\/span><br><\/p>","protected":false},"excerpt":{"rendered":"","protected":false},"author":1,"featured_media":0,"parent":0,"menu_order":0,"comment_status":"closed","ping_status":"closed","template":"","meta":{"pagelayer_contact_templates":[],"_pagelayer_content":"","footnotes":""},"class_list":["post-111","page","type-page","status-publish","hentry"],"_links":{"self":[{"href":"https:\/\/naturterapi-oyriket.no\/de\/wp-json\/wp\/v2\/pages\/111","targetHints":{"allow":["GET"]}}],"collection":[{"href":"https:\/\/naturterapi-oyriket.no\/de\/wp-json\/wp\/v2\/pages"}],"about":[{"href":"https:\/\/naturterapi-oyriket.no\/de\/wp-json\/wp\/v2\/types\/page"}],"author":[{"embeddable":true,"href":"https:\/\/naturterapi-oyriket.no\/de\/wp-json\/wp\/v2\/users\/1"}],"replies":[{"embeddable":true,"href":"https:\/\/naturterapi-oyriket.no\/de\/wp-json\/wp\/v2\/comments?post=111"}],"version-history":[{"count":4,"href":"https:\/\/naturterapi-oyriket.no\/de\/wp-json\/wp\/v2\/pages\/111\/revisions"}],"predecessor-version":[{"id":119,"href":"https:\/\/naturterapi-oyriket.no\/de\/wp-json\/wp\/v2\/pages\/111\/revisions\/119"}],"wp:attachment":[{"href":"https:\/\/naturterapi-oyriket.no\/de\/wp-json\/wp\/v2\/media?parent=111"}],"curies":[{"name":"wp","href":"https:\/\/api.w.org\/{rel}","templated":true}]}}