{"id":62,"date":"2025-10-14T12:43:23","date_gmt":"2025-10-14T12:43:23","guid":{"rendered":"https:\/\/naturterapi-oyriket.no\/home\/"},"modified":"2025-11-14T13:04:39","modified_gmt":"2025-11-14T13:04:39","slug":"home","status":"publish","type":"page","link":"https:\/\/naturterapi-oyriket.no\/de\/","title":{"rendered":"Home"},"content":{"rendered":"<h6><span style=\"font-size: medium; font-family: &quot;Arial Black&quot;; color: rgb(230, 0, 0); background-color: rgb(230, 0, 0);\"><h4 class=\"p1\" style=\"caret-color: rgb(0, 0, 0); color: rgb(0, 0, 0); text-align: center; cursor: text;\"><span class=\"s1\" style=\"cursor: text;\">Meine Praksis befindet sich noch im Aufbau.<\/span><\/h4><span style=\"background-color:#e60000;\"><h4 class=\"p1\" style=\"caret-color: rgb(0, 0, 0); color: rgb(0, 0, 0); text-align: center; cursor: text;\"><span class=\"s2\" style=\"cursor: text;\">Snart \u00f8nsker jeg velkommen i nye lokaler \u2013 et sted for naturlig restitusjon,&nbsp;<\/span><\/h4><h4 class=\"p1\" style=\"caret-color: rgb(0, 0, 0); color: rgb(0, 0, 0); text-align: center; cursor: text;\"><span class=\"s2\" style=\"cursor: text;\">mindful kroppsarbeid og helhetlig behandling.<\/span><\/h4><\/span><\/span><\/h6><h4 class=\"p1\" style=\"caret-color: rgb(0, 0, 0); color: rgb(0, 0, 0); text-align: center;\"><span class=\"s2\"><\/span><\/h4>\n\n\n\n\n\n\n\n<p class=\"p1\" style=\"caret-color: rgb(0, 0, 0); color: rgb(0, 0, 0);\"><span class=\"s1\" style=\"cursor: text;\"><br><\/span><\/p><p class=\"p1\" style=\"caret-color: rgb(0, 0, 0); color: rgb(0, 0, 0); cursor: text;\"><span class=\"s1\" style=\"cursor: text;\">Mit \u00fcber 20 Jahren Erfahrung in den Bereichen Gesundheit, Bewegung und Ern\u00e4hrung arbeite ich heute mit dem Schwerpunkt auf muskul\u00e4ren Spannungen und Schmerzregulation.<\/span><\/p><p class=\"p1\" style=\"caret-color: rgb(0, 0, 0); color: rgb(0, 0, 0); cursor: text;\"><span class=\"s1\" style=\"cursor: text;\"><br><\/span><\/p><p class=\"p1\" style=\"caret-color: rgb(0, 0, 0); color: rgb(0, 0, 0);\"><span class=\"s2\" style=\"cursor: text;\">I Tyskland drev jeg i mer enn seks \u00e5r en fulltids praksis for osteopati og helhetlig medisin<\/span><span class=\"s1\">, noe som har gitt meg et solid klinisk grunnlag og en dyp forst\u00e5else av hvordan stress, livsstil og kroppens signaler henger sammen.<\/span><\/p><p class=\"p2\" style=\"caret-color: rgb(0, 0, 0); color: rgb(0, 0, 0);\"><span class=\"s1\"><\/span><br><\/p><p class=\"p1\" style=\"caret-color: rgb(0, 0, 0); color: rgb(0, 0, 0); cursor: text;\"><span class=\"s1\" style=\"cursor: text;\">Jeg hjelper mennesker med \u00e5 forst\u00e5 kroppens egne signaler \u2013 \u00e5 lindre spenninger, redusere smerte og finne tilbake til en f\u00f8lelse av trygghet og balanse i egen kropp.<\/span><\/p><p class=\"p2\" style=\"caret-color: rgb(0, 0, 0); color: rgb(0, 0, 0); cursor: text;\"><span class=\"s1\"><\/span><br><\/p><p class=\"p1\" style=\"caret-color: rgb(0, 0, 0); color: rgb(0, 0, 0);\"><span class=\"s2\">Arbeidet mitt kombinerer osteopatiske tiln\u00e6rminger, naturterapeutisk kunnskap, manuelle teknikker, pust og avspenning \u2013 alltid med fokus p\u00e5 \u00e5 st\u00f8tte kroppens egen reguleringsevne.&nbsp;<\/span>Gemeinsam lernen wir, fr\u00fche Anzeichen von Stress und \u00dcberlastung zu erkennen \u2013 bevor der K\u00f6rper \u201eStopp\u201c sagt.<\/p><p class=\"p1\" style=\"caret-color: rgb(0, 0, 0); color: rgb(0, 0, 0); cursor: text;\"><span class=\"s1\" style=\"cursor: text;\"><br><\/span><\/p><p class=\"p1\" style=\"caret-color: rgb(0, 0, 0); color: rgb(0, 0, 0); cursor: text;\">Jeg studerer ogs\u00e5 helsepsykologi (B.A.) og har et faglig fokus p\u00e5 pasient- og helsecoaching. Ved behov kan jeg st\u00f8tte prosesser knyttet til helsebevissthet og vaner, som et supplement til behandlingen. Jeg integrerer forskningsbasert kunnskap om sammenhengen mellom kropp, f\u00f8lelser og nervesystem i arbeidet mitt.<\/p><p class=\"p2\" style=\"caret-color: rgb(0, 0, 0); color: rgb(0, 0, 0);\"><span class=\"s2\"><\/span><br><\/p><p class=\"p1\" style=\"caret-color: rgb(0, 0, 0); color: rgb(0, 0, 0);\"><span class=\"s1\">Mein Ansatz versteht sich als Br\u00fccke zwischen Naturheilkunde und moderner Wissenschaft \u2013 f\u00fcr eine integrative Form der Therapie, die K\u00f6rper und Geist gleicherma\u00dfen unterst\u00fctzt.<\/span><\/p><p class=\"p2\" style=\"caret-color: rgb(0, 0, 0); color: rgb(0, 0, 0);\"><span class=\"s1\"><\/span><\/p>\n\n\n\n<h5 style=\"cursor: text; text-align: center;\">Heilpraktikerin (MNNH)&nbsp;<\/h5><h5 style=\"cursor: text; text-align: center;\">Melanie Gebhard<\/h5>\n\n\n\n\n\n\n<h2>Meine Behandlungsmethoden<\/h2>\n\n\n\n<p class=\"p1\" style=\"caret-color: rgb(0, 0, 0); color: rgb(0, 0, 0); text-align: start;\"><span class=\"s1\">Die allgemeine Naturheilkunde verbindet verschiedene naturheilkundliche Methoden zu einem ganzheitlichen Ansatz.<\/span><\/p><p class=\"p1\" style=\"caret-color: rgb(0, 0, 0); color: rgb(0, 0, 0); text-align: start;\"><span class=\"s1\">Im Mittelpunkt steht die Unterst\u00fctzung der k\u00f6rpereigenen Selbstregulation und der Abbau von Stress.<\/span><\/p><p class=\"p1\" style=\"caret-color: rgb(0, 0, 0); color: rgb(0, 0, 0); text-align: start;\"><span class=\"s1\">Durch gezielte Impulse kann das innere Gleichgewicht gest\u00e4rkt werden, sodass der K\u00f6rper seine nat\u00fcrlichen Heilkr\u00e4fte wieder besser aktivieren kann \u2013 f\u00fcr mehr Wohlbefinden und innere Ruhe.<\/span><\/p><p class=\"p2\" style=\"caret-color: rgb(0, 0, 0); color: rgb(0, 0, 0); text-align: start;\"><span class=\"s1\"><\/span><\/p>\n\n\n<p class=\"p1\" style=\"caret-color: rgb(0, 0, 0); color: rgb(0, 0, 0); text-align: start;\"><span class=\"s1\">Die naturheilkundliche Muskeltherapie verbindet Erkenntnisse aus verschiedenen ganzheitlichen Systemen mit Wissen \u00fcber Muskeln, Faszien und die inneren Strukturen des K\u00f6rpers.<\/span><\/p><p class=\"p2\" style=\"caret-color: rgb(0, 0, 0); color: rgb(0, 0, 0); text-align: start;\">Ziel ist es, Spannungen zu l\u00f6sen, das energetische Gleichgewicht zu f\u00f6rdern und die Selbstregulation des K\u00f6rpers zu unterst\u00fctzen \u2013 f\u00fcr mehr Beweglichkeit, Leichtigkeit und allgemeines Wohlbefinden.<br><span class=\"s1\"><\/span><\/p><p class=\"p2\" style=\"caret-color: rgb(0, 0, 0); color: rgb(0, 0, 0); text-align: start;\"><span class=\"s1\"><\/span><\/p>\n\n\n<p class=\"p1\" style=\"caret-color: rgb(0, 0, 0); color: rgb(0, 0, 0); text-align: start;\"><span class=\"s1\">Die naturheilkundliche Ern\u00e4hrungstherapie nutzt die Kraft einer individuell abgestimmten Ern\u00e4hrung, um K\u00f6rper und Geist in Einklang zu bringen.<\/span><\/p><p class=\"p1\" style=\"caret-color: rgb(0, 0, 0); color: rgb(0, 0, 0); text-align: start;\"><span class=\"s1\">Ziel ist es, biochemische Ungleichgewichte zu harmonisieren, die Verdauung zu st\u00e4rken und die k\u00f6rpereigenen Regenerationsprozesse zu unterst\u00fctzen \u2013 f\u00fcr mehr Energie, Wohlbefinden und Vitalit\u00e4t.<\/span><\/p>\n\n\n<p class=\"p1\" style=\"caret-color: rgb(0, 0, 0); color: rgb(0, 0, 0); text-align: start;\"><span class=\"s1\">Jeder Mensch ist einzigartig \u2013 deshalb wird jede Behandlung individuell auf Ihre Bed\u00fcrfnisse abgestimmt.<\/span><\/p><p class=\"p1\" style=\"caret-color: rgb(0, 0, 0); color: rgb(0, 0, 0); text-align: start;\"><span class=\"s1\">Durch die Kombination verschiedener naturheilkundlicher Methoden entsteht ein ganzheitlicher Ansatz, der K\u00f6rper, Emotionen und Lebensstil miteinander verbindet \u2013 f\u00fcr nachhaltige Ver\u00e4nderung, innere Balance und mehr Wohlbefinden im Alltag.<\/span><\/p>\n\n\n\n\n\n\n<h2>Impressionen<\/h2>\n\n\n\n<h2>Projekt 1<\/h2>\n\n\n<h2>Projekt 2<\/h2>\n\n\n<h2>Projekt 3<\/h2>\n\n\n<h2>Projekt 4<\/h2>\n\n\n\n\n\n\n\n\n\n\n\n<h2>Kontakt<\/h2>\n\n\n\n\n\n\n\n\n\n\n\n\n\n\n\n\n\n\n\n\n<h2>Kontakt MEG<\/h2>\n\n<p>Jeg gleder meg til \u00e5 h\u00f8re fra deg!<\/p>","protected":false},"excerpt":{"rendered":"","protected":false},"author":1,"featured_media":0,"parent":0,"menu_order":0,"comment_status":"closed","ping_status":"closed","template":"","meta":{"pagelayer_contact_templates":[],"_pagelayer_content":"","footnotes":""},"class_list":["post-62","page","type-page","status-publish","hentry"],"_links":{"self":[{"href":"https:\/\/naturterapi-oyriket.no\/de\/wp-json\/wp\/v2\/pages\/62","targetHints":{"allow":["GET"]}}],"collection":[{"href":"https:\/\/naturterapi-oyriket.no\/de\/wp-json\/wp\/v2\/pages"}],"about":[{"href":"https:\/\/naturterapi-oyriket.no\/de\/wp-json\/wp\/v2\/types\/page"}],"author":[{"embeddable":true,"href":"https:\/\/naturterapi-oyriket.no\/de\/wp-json\/wp\/v2\/users\/1"}],"replies":[{"embeddable":true,"href":"https:\/\/naturterapi-oyriket.no\/de\/wp-json\/wp\/v2\/comments?post=62"}],"version-history":[{"count":57,"href":"https:\/\/naturterapi-oyriket.no\/de\/wp-json\/wp\/v2\/pages\/62\/revisions"}],"predecessor-version":[{"id":234,"href":"https:\/\/naturterapi-oyriket.no\/de\/wp-json\/wp\/v2\/pages\/62\/revisions\/234"}],"wp:attachment":[{"href":"https:\/\/naturterapi-oyriket.no\/de\/wp-json\/wp\/v2\/media?parent=62"}],"curies":[{"name":"wp","href":"https:\/\/api.w.org\/{rel}","templated":true}]}}